{"id":616,"date":"2018-08-15T18:08:51","date_gmt":"2018-08-15T18:08:51","guid":{"rendered":"http:\/\/192.168.1.3\/wp\/kordex\/?page_id=616"},"modified":"2024-02-03T14:51:24","modified_gmt":"2024-02-03T11:51:24","slug":"about-us","status":"publish","type":"page","link":"https:\/\/www.boyutoffice.com\/tr\/?page_id=616","title":{"rendered":"HAKKIMIZDA"},"content":{"rendered":"\t\t<div data-elementor-type=\"wp-post\" data-elementor-id=\"616\" class=\"elementor elementor-616\" data-elementor-settings=\"[]\">\n\t\t\t\t\t\t\t<div class=\"elementor-section-wrap\">\n\t\t\t\t\t\t\t<section class=\"jarallax elementor-section elementor-top-section elementor-element elementor-element-361f3b8 elementor-section-boxed elementor-section-height-default elementor-section-height-default\" data-jarallax=\"\" data-speed=\"0.75\" data-type=\"scroll\" data-parallax=\"scroll\" style=\"background-image:url(&quot;http:\/\/www.boyutoffice.com\/en\/wp-content\/uploads\/2023\/03\/BaslikLorenzo.jpg&quot;);\" data-image-src=\"http:\/\/www.boyutoffice.com\/en\/wp-content\/uploads\/2023\/03\/BaslikLorenzo.jpg\" data-id=\"361f3b8\" data-element_type=\"section\" data-settings=\"{&quot;background_background&quot;:&quot;video&quot;,&quot;background_video_link&quot;:&quot;https:\\\/\\\/www.youtube.com\\\/watch?v=3YWAeX4Etck&quot;}\">\n\t\t\t\t\t\t\t\t<div class=\"elementor-background-video-container elementor-hidden-phone\">\n\t\t\t\t\t\t\t\t\t\t\t\t\t<div class=\"elementor-background-video-embed\"><\/div>\n\t\t\t\t\t\t\t\t\t\t\t\t<\/div>\n\t\t\t\t\t\t\t\t\t<div class=\"elementor-background-overlay\"><\/div>\n\t\t\t\t\t\t\t<div class=\"elementor-container elementor-column-gap-default\">\n\t\t\t\t\t<div class=\"elementor-column elementor-col-100 elementor-top-column elementor-element elementor-element-7ae11c9\" data-id=\"7ae11c9\" data-element_type=\"column\">\n\t\t\t<div class=\"elementor-widget-wrap elementor-element-populated\">\n\t\t\t\t\t\t\t\t<div class=\"elementor-element elementor-element-1597f408 section-align-left section-size-large subtitle-style-reveal elementor-widget elementor-widget-section-heading\" data-id=\"1597f408\" data-element_type=\"widget\" data-widget_type=\"section-heading.default\">\n\t\t\t\t<div class=\"elementor-widget-container\">\n\t\t\t<div class=\"section-heading headingstyle-subtitle\"><h5 class=\"entry-sub-title section-sub-title\"><span>B\u0130Z K\u0130M\u0130Z!<\/span><\/h5><h2 class=\"entry-title section-title\">Hakk\u0131m\u0131zda<\/h2><div class=\"section-description clearfix\"><div class=\"section-description-inner\"><p>Luxury Office Furniture<\/p>\n<\/div><\/div><\/div>\t\t<\/div>\n\t\t\t\t<\/div>\n\t\t\t\t\t<\/div>\n\t\t<\/div>\n\t\t\t\t\t\t\t<\/div>\n\t\t<\/section>\n\t\t\t\t<section class=\"elementor-section elementor-top-section elementor-element elementor-element-2ff02d90 elementor-section-full_width elementor-section-height-default elementor-section-height-default\" data-id=\"2ff02d90\" data-element_type=\"section\" data-settings=\"{&quot;background_background&quot;:&quot;gradient&quot;}\">\n\t\t\t\t\t\t<div class=\"elementor-container elementor-column-gap-no\">\n\t\t\t\t\t<div class=\"elementor-column elementor-col-50 elementor-top-column elementor-element elementor-element-37a55565\" data-id=\"37a55565\" data-element_type=\"column\" data-settings=\"{&quot;background_background&quot;:&quot;classic&quot;}\">\n\t\t\t<div class=\"elementor-widget-wrap elementor-element-populated\">\n\t\t\t\t\t\t\t\t<div class=\"elementor-element elementor-element-1f262bd elementor-widget elementor-widget-spacer\" data-id=\"1f262bd\" data-element_type=\"widget\" data-widget_type=\"spacer.default\">\n\t\t\t\t<div class=\"elementor-widget-container\">\n\t\t\t\t\t<div class=\"elementor-spacer\">\n\t\t\t<div class=\"elementor-spacer-inner\"><\/div>\n\t\t<\/div>\n\t\t\t\t<\/div>\n\t\t\t\t<\/div>\n\t\t\t\t\t<\/div>\n\t\t<\/div>\n\t\t\t\t<div class=\"elementor-column elementor-col-50 elementor-top-column elementor-element elementor-element-176736bf\" data-id=\"176736bf\" data-element_type=\"column\" data-settings=\"{&quot;background_background&quot;:&quot;classic&quot;}\">\n\t\t\t<div class=\"elementor-widget-wrap elementor-element-populated\">\n\t\t\t\t\t\t\t\t<div class=\"elementor-element elementor-element-9d22c1f section-align-left animated-slow section-size-default subtitle-style-default elementor-invisible elementor-widget elementor-widget-section-heading\" data-id=\"9d22c1f\" data-element_type=\"widget\" data-settings=\"{&quot;_animation&quot;:&quot;fadeIn&quot;}\" data-widget_type=\"section-heading.default\">\n\t\t\t\t<div class=\"elementor-widget-container\">\n\t\t\t<div class=\"section-heading headingstyle-default\"><h2 class=\"entry-title section-title\">Hakk\u0131m\u0131zda<\/h2><div class=\"section-description clearfix\"><div class=\"section-description-inner\"><p class=\"p1\"><i>Boyut Office, alan\u0131nda yar\u0131m as\u0131rl\u0131k bir deneyime sahip bilgi birikimi ve deste\u011fi ile 2003 y\u0131l\u0131nda kendi tarz\u0131n\u0131 yaratarak bunu t\u00fcm d\u00fcnyayla payla\u015fmak \u00fczere yola \u00e7\u0131km\u0131\u015ft\u0131r. <\/i><\/p>\n<p class=\"p1\"><i>Ya\u015fama ilham veren tasar\u0131mlarla; hayata de\u011fer ve anlam katmak, duygulara, an\u0131lara ve hayallere dokunmak amac\u0131ndad\u0131r. <\/i><\/p>\n<p class=\"p1\"><i>\u00c7al\u0131\u015fma alanlar\u0131 i\u00e7in d\u00fcnyadaki en iyi fikirleri bulmak, yorumlamak, i\u00e7selle\u015ftirmek, s\u0131radanl\u0131\u011f\u0131n \u00f6tesinde, \u00fcr\u00fcnlere ola\u011fan \u00fcst\u00fc bi\u00e7im ve hacim kazand\u0131rmaktad\u0131r. <\/i><\/p>\n<p class=\"p1\"><i>Boyut Office, l\u00fcks \u00e7al\u0131\u015fma alanlar\u0131nda; zamans\u0131z \u00e7izgiler ve do\u011fru malzeme se\u00e7imleriyle insan ile ya\u015fam alan\u0131 aras\u0131nda g\u00fc\u00e7l\u00fc bir ba\u011f kurmaktad\u0131r.<\/i><\/p>\n<p class=\"p1\"><i>Tasar\u0131mlarda kullan\u0131lan her detay bir di\u011feri ile birle\u015ferek, kullan\u0131c\u0131n\u0131n talepleri ile \u00f6rt\u00fc\u015fen bamba\u015fka bir \u00e7izgiyi ortaya \u00e7\u0131karmaktad\u0131r.<\/i><\/p>\n<p class=\"p1\"><i>\u00c7al\u0131\u015fmaktan keyif alabilece\u011finiz, prestijli ve sizi tan\u0131mlayan mekanlar, Boyut <\/i><\/p>\n<p class=\"p1\"><i>Office 2024 Koleksiyonu ile hayallerinizdeki gibi\u2026<\/i><\/p>\n<\/div><\/div><\/div>\t\t<\/div>\n\t\t\t\t<\/div>\n\t\t\t\t\t<\/div>\n\t\t<\/div>\n\t\t\t\t\t\t\t<\/div>\n\t\t<\/section>\n\t\t\t\t<section class=\"elementor-section elementor-top-section elementor-element elementor-element-033e17e elementor-section-boxed elementor-section-height-default elementor-section-height-default\" data-id=\"033e17e\" data-element_type=\"section\" data-settings=\"{&quot;background_background&quot;:&quot;classic&quot;}\">\n\t\t\t\t\t\t\t<div class=\"elementor-background-overlay\"><\/div>\n\t\t\t\t\t\t\t<div class=\"elementor-container elementor-column-gap-default\">\n\t\t\t\t\t<div class=\"elementor-column elementor-col-100 elementor-top-column elementor-element elementor-element-a1df03f\" data-id=\"a1df03f\" data-element_type=\"column\">\n\t\t\t<div class=\"elementor-widget-wrap elementor-element-populated\">\n\t\t\t\t\t\t\t\t<div class=\"elementor-element elementor-element-ae89b57 section-align-center section-size-large subtitle-style-default elementor-widget elementor-widget-section-heading\" data-id=\"ae89b57\" data-element_type=\"widget\" data-widget_type=\"section-heading.default\">\n\t\t\t\t<div class=\"elementor-widget-container\">\n\t\t\t<div class=\"section-heading headingstyle-default\"><h2 class=\"entry-title section-title\">Yarat\u0131c\u0131 \u00c7\u00f6z\u00fcmler<\/h2><div class=\"section-description clearfix\"><div class=\"section-description-inner\"><p class=\"p1\">Sonsuz mimari \u00e7\u00f6z\u00fcmler i\u00e7in hemen bizle temasa ge\u00e7in!<\/p>\n<\/div><\/div><div class=\"section-button\"><a class=\"button-one-link\"  href=\"https:\/\/www.boyutoffice.com\/tr\/?page_id=2532\"><div class=\"button-one mtheme-button\">\u0130LET\u0130\u015e\u0130M<\/div><\/a><\/div><\/div>\t\t<\/div>\n\t\t\t\t<\/div>\n\t\t\t\t\t<\/div>\n\t\t<\/div>\n\t\t\t\t\t\t\t<\/div>\n\t\t<\/section>\n\t\t\t\t\t\t<\/div>\n\t\t\t\t\t<\/div>\n\t\t","protected":false},"excerpt":{"rendered":"<p>B\u0130Z K\u0130M\u0130Z! Hakk\u0131m\u0131zda Luxury Office Furniture Hakk\u0131m\u0131zda Boyut Office, alan\u0131nda yar\u0131m as\u0131rl\u0131k bir deneyime sahip bilgi birikimi ve deste\u011fi ile 2003 y\u0131l\u0131nda kendi tarz\u0131n\u0131 yaratarak bunu t\u00fcm d\u00fcnyayla payla\u015fmak \u00fczere yola \u00e7\u0131km\u0131\u015ft\u0131r. Ya\u015fama ilham veren tasar\u0131mlarla; hayata de\u011fer ve anlam katmak, duygulara, an\u0131lara ve hayallere dokunmak amac\u0131ndad\u0131r. \u00c7al\u0131\u015fma alanlar\u0131 i\u00e7in d\u00fcnyadaki en iyi fikirleri bulmak, yorumlamak, i\u00e7selle\u015ftirmek, s\u0131radanl\u0131\u011f\u0131n \u00f6tesinde, \u00fcr\u00fcnlere ola\u011fan \u00fcst\u00fc bi\u00e7im ve hacim kazand\u0131rmaktad\u0131r. Boyut Office, l\u00fcks \u00e7al\u0131\u015fma alanlar\u0131nda; zamans\u0131z \u00e7izgiler ve do\u011fru malzeme se\u00e7imleriyle insan ile ya\u015fam [&hellip;]<\/p>\n","protected":false},"author":1,"featured_media":0,"parent":0,"menu_order":0,"comment_status":"closed","ping_status":"closed","template":"","meta":{"footnotes":""},"class_list":["post-616","page","type-page","status-publish","hentry"],"_links":{"self":[{"href":"https:\/\/www.boyutoffice.com\/tr\/index.php?rest_route=\/wp\/v2\/pages\/616","targetHints":{"allow":["GET"]}}],"collection":[{"href":"https:\/\/www.boyutoffice.com\/tr\/index.php?rest_route=\/wp\/v2\/pages"}],"about":[{"href":"https:\/\/www.boyutoffice.com\/tr\/index.php?rest_route=\/wp\/v2\/types\/page"}],"author":[{"embeddable":true,"href":"https:\/\/www.boyutoffice.com\/tr\/index.php?rest_route=\/wp\/v2\/users\/1"}],"replies":[{"embeddable":true,"href":"https:\/\/www.boyutoffice.com\/tr\/index.php?rest_route=%2Fwp%2Fv2%2Fcomments&post=616"}],"version-history":[{"count":77,"href":"https:\/\/www.boyutoffice.com\/tr\/index.php?rest_route=\/wp\/v2\/pages\/616\/revisions"}],"predecessor-version":[{"id":10226,"href":"https:\/\/www.boyutoffice.com\/tr\/index.php?rest_route=\/wp\/v2\/pages\/616\/revisions\/10226"}],"wp:attachment":[{"href":"https:\/\/www.boyutoffice.com\/tr\/index.php?rest_route=%2Fwp%2Fv2%2Fmedia&parent=616"}],"curies":[{"name":"wp","href":"https:\/\/api.w.org\/{rel}","templated":true}]}}