{"id":4709,"date":"2020-01-12T17:06:50","date_gmt":"2020-01-12T17:06:50","guid":{"rendered":"http:\/\/192.168.1.3\/wp\/arcmos\/?page_id=5"},"modified":"2025-02-22T15:22:39","modified_gmt":"2025-02-22T12:22:39","slug":"homepage-i","status":"publish","type":"page","link":"https:\/\/www.boyutoffice.com\/tr\/","title":{"rendered":"Homepage I"},"content":{"rendered":"\t\t<div data-elementor-type=\"wp-page\" data-elementor-id=\"4709\" class=\"elementor elementor-4709\" data-elementor-settings=\"[]\">\n\t\t\t\t\t\t\t<div class=\"elementor-section-wrap\">\n\t\t\t\t\t\t\t<section class=\"elementor-section elementor-top-section elementor-element elementor-element-4db6bdf elementor-section-full_width elementor-section-height-default elementor-section-height-default\" data-id=\"4db6bdf\" data-element_type=\"section\">\n\t\t\t\t\t\t<div class=\"elementor-container elementor-column-gap-no\">\n\t\t\t\t\t<div class=\"elementor-column elementor-col-100 elementor-top-column elementor-element elementor-element-029bb76\" data-id=\"029bb76\" data-element_type=\"column\">\n\t\t\t<div class=\"elementor-widget-wrap elementor-element-populated\">\n\t\t\t\t\t\t\t\t<div class=\"elementor-element elementor-element-bf45378 swiper-height-style-full slideshow-image-display-cover arrow-nav-status-enable scroll-indiciate-align-center slideshow-text-align-left elementor-widget elementor-widget-swiper-slides\" data-id=\"bf45378\" data-element_type=\"widget\" data-widget_type=\"swiper-slides.default\">\n\t\t\t\t<div class=\"elementor-widget-container\">\n\t\t\t<div class=\"swiper-container-outer\"><div id=\"multi-slide-4709-69e4b5ec58d6e\" class=\"swiper-container swiper-init swiper-slides-overlay shortcode-swiper-container swiperpagination-yes swiper-columns-1 single-column-slider desktopoffset-yes mobileoffset-yes\" data-slidestyle=\"fade\" data-swiperpagination=\"yes\" data-autoplay=\"8000\" data-columns=\"1\" data-desktopoffset=\"yes\" data-mobileoffset=\"yes\" data-id=\"multi-slide-4709-69e4b5ec58d6e\">\n\t    <div class=\"swiper-wrapper\"><div class=\"swiper-slide swiper-lazy\" data-background=\"https:\/\/www.boyutoffice.com\/tr\/wp-content\/uploads\/2025\/02\/Slide001.jpg\"><div class=\"swiper-contents\"><div class=\"swiper-info-animate swiper-title\"><\/div><div class=\"swiper-info-animate swiper-desc\"><\/div><\/div><\/div><div class=\"swiper-slide swiper-lazy\" data-background=\"https:\/\/www.boyutoffice.com\/tr\/wp-content\/uploads\/2025\/02\/Slide002.jpg\"><div class=\"swiper-contents\"><div class=\"swiper-info-animate swiper-title\"><\/div><div class=\"swiper-info-animate swiper-desc\"><\/div><\/div><\/div><div class=\"swiper-slide swiper-lazy\" data-background=\"https:\/\/www.boyutoffice.com\/tr\/wp-content\/uploads\/2025\/02\/Slide003.jpg\"><div class=\"swiper-contents\"><div class=\"swiper-info-animate swiper-title\"><\/div><div class=\"swiper-info-animate swiper-desc\"><\/div><\/div><\/div><div class=\"swiper-slide swiper-lazy\" data-background=\"https:\/\/www.boyutoffice.com\/tr\/wp-content\/uploads\/2025\/02\/Slide004.jpg\"><div class=\"swiper-contents\"><div class=\"swiper-info-animate swiper-title\"><\/div><div class=\"swiper-info-animate swiper-desc\"><\/div><\/div><\/div><\/div><div class=\"swiper-pagination\"><\/div><div class=\"swiper-button-prev\"><i class=\"feather-icon-arrow-left\"><\/i><\/div><div class=\"swiper-button-next\"><i class=\"feather-icon-arrow-right\"><\/i><\/div><\/div><a class=\"mouse-scroll-indicator-link\"  href=\"#scroll-point\"><div class=\"mouse-scroll-indicator-wrap\"><div class=\"mouse-scroll-indicator\"><\/div><\/div><\/a><\/div>\t\t<\/div>\n\t\t\t\t<\/div>\n\t\t\t\t\t<\/div>\n\t\t<\/div>\n\t\t\t\t\t\t\t<\/div>\n\t\t<\/section>\n\t\t\t\t<section class=\"elementor-section elementor-top-section elementor-element elementor-element-9ad1b66 elementor-section-full_width elementor-section-height-default elementor-section-height-default\" data-id=\"9ad1b66\" data-element_type=\"section\">\n\t\t\t\t\t\t\t<div class=\"elementor-background-overlay\"><\/div>\n\t\t\t\t\t\t\t<div class=\"elementor-container elementor-column-gap-no\">\n\t\t\t\t\t<div class=\"elementor-column elementor-col-100 elementor-top-column elementor-element elementor-element-d20823b\" data-id=\"d20823b\" data-element_type=\"column\" data-settings=\"{&quot;background_background&quot;:&quot;classic&quot;}\">\n\t\t\t<div class=\"elementor-widget-wrap elementor-element-populated\">\n\t\t\t\t\t\t\t\t<div class=\"elementor-element elementor-element-679b85c elementor-widget elementor-widget-menu-anchor\" data-id=\"679b85c\" data-element_type=\"widget\" data-widget_type=\"menu-anchor.default\">\n\t\t\t\t<div class=\"elementor-widget-container\">\n\t\t\t\t\t<div id=\"scroll-point\" class=\"elementor-menu-anchor\"><\/div>\n\t\t\t\t<\/div>\n\t\t\t\t<\/div>\n\t\t\t\t\t<\/div>\n\t\t<\/div>\n\t\t\t\t\t\t\t<\/div>\n\t\t<\/section>\n\t\t\t\t<section class=\"elementor-section elementor-top-section elementor-element elementor-element-e0123ff elementor-section-full_width elementor-section-height-default elementor-section-height-default\" data-id=\"e0123ff\" data-element_type=\"section\" data-settings=\"{&quot;background_background&quot;:&quot;classic&quot;}\">\n\t\t\t\t\t\t<div class=\"elementor-container elementor-column-gap-no\">\n\t\t\t\t\t<div class=\"elementor-column elementor-col-50 elementor-top-column elementor-element elementor-element-8379bc0\" data-id=\"8379bc0\" data-element_type=\"column\" data-settings=\"{&quot;background_background&quot;:&quot;classic&quot;}\">\n\t\t\t<div class=\"elementor-widget-wrap elementor-element-populated\">\n\t\t\t\t\t\t\t\t<div class=\"elementor-element elementor-element-9cf774e elementor-widget elementor-widget-spacer\" data-id=\"9cf774e\" data-element_type=\"widget\" data-widget_type=\"spacer.default\">\n\t\t\t\t<div class=\"elementor-widget-container\">\n\t\t\t\t\t<div class=\"elementor-spacer\">\n\t\t\t<div class=\"elementor-spacer-inner\"><\/div>\n\t\t<\/div>\n\t\t\t\t<\/div>\n\t\t\t\t<\/div>\n\t\t\t\t\t<\/div>\n\t\t<\/div>\n\t\t\t\t<div class=\"elementor-column elementor-col-50 elementor-top-column elementor-element elementor-element-0d0d984\" data-id=\"0d0d984\" data-element_type=\"column\" data-settings=\"{&quot;background_background&quot;:&quot;classic&quot;}\">\n\t\t\t<div class=\"elementor-widget-wrap elementor-element-populated\">\n\t\t\t\t\t\t\t\t<div class=\"elementor-element elementor-element-d7f18eb section-align-left animated-slow subtitle-style-reveal section-size-default elementor-invisible elementor-widget elementor-widget-section-heading\" data-id=\"d7f18eb\" data-element_type=\"widget\" data-settings=\"{&quot;_animation&quot;:&quot;fadeIn&quot;}\" data-widget_type=\"section-heading.default\">\n\t\t\t\t<div class=\"elementor-widget-container\">\n\t\t\t<div class=\"section-heading headingstyle-subtitle\"><h5 class=\"entry-sub-title section-sub-title\"><span>Yeni Koleksiyon<\/span><\/h5><h2 class=\"entry-title section-title\">Angelo<\/h2><div class=\"section-description clearfix\"><div class=\"section-description-inner\"><p>\u0130\u015f d\u00fcnyas\u0131na modern bir dokunu\u015f! Ergonomik tasar\u0131m\u0131, rahatl\u0131k ve \u015f\u0131kl\u0131\u011f\u0131 bir araya getirerek \u00e7al\u0131\u015fma alan\u0131n\u0131z\u0131 zirveye ta\u015f\u0131yor. Zarif \u00e7izgileri ve y\u00fcksek performans malzemeleri, uzun saatler bile konforu garantiliyor. \u0130novatif tasar\u0131m yap\u0131s\u0131yla dikkat \u00e7eken bu koltuk, \u00e7al\u0131\u015fma ortam\u0131n\u0131za \u015f\u0131kl\u0131k ve fonksiyonellik kat\u0131yor. Ofisinizdeki atmosferi ba\u015ftan yarat\u0131n, yeni ofis koltu\u011funuzla konforu ve tarz\u0131 bir araya getirin!<\/p>\n<\/div><\/div><div class=\"section-button\"><a class=\"button-one-link\"  href=\"https:\/\/www.boyutoffice.com\/tr\/?portfolio=athena-5\"><div class=\"button-one mtheme-button\">DETAYLAR<\/div><\/a><\/div><\/div>\t\t<\/div>\n\t\t\t\t<\/div>\n\t\t\t\t\t<\/div>\n\t\t<\/div>\n\t\t\t\t\t\t\t<\/div>\n\t\t<\/section>\n\t\t\t\t<section class=\"elementor-section elementor-top-section elementor-element elementor-element-f8d83ab elementor-section-boxed elementor-section-height-default elementor-section-height-default\" data-id=\"f8d83ab\" data-element_type=\"section\" data-settings=\"{&quot;background_background&quot;:&quot;slideshow&quot;,&quot;background_slideshow_gallery&quot;:[{&quot;id&quot;:10041,&quot;url&quot;:&quot;https:\\\/\\\/www.boyutoffice.com\\\/tr\\\/wp-content\\\/uploads\\\/2023\\\/04\\\/BaslikSaga.jpg&quot;}],&quot;background_slideshow_loop&quot;:&quot;yes&quot;,&quot;background_slideshow_slide_duration&quot;:5000,&quot;background_slideshow_slide_transition&quot;:&quot;fade&quot;,&quot;background_slideshow_transition_duration&quot;:500}\">\n\t\t\t\t\t\t<div class=\"elementor-container elementor-column-gap-default\">\n\t\t\t\t\t<div class=\"elementor-column elementor-col-100 elementor-top-column elementor-element elementor-element-8a861ce\" data-id=\"8a861ce\" data-element_type=\"column\">\n\t\t\t<div class=\"elementor-widget-wrap elementor-element-populated\">\n\t\t\t\t\t\t\t\t<div class=\"elementor-element elementor-element-1b37c2d elementor-aspect-ratio-169 elementor-widget elementor-widget-video\" data-id=\"1b37c2d\" data-element_type=\"widget\" data-settings=\"{&quot;youtube_url&quot;:&quot;https:\\\/\\\/www.youtube.com\\\/watch?v=3YWAeX4Etck&quot;,&quot;autoplay&quot;:&quot;yes&quot;,&quot;play_on_mobile&quot;:&quot;yes&quot;,&quot;mute&quot;:&quot;yes&quot;,&quot;loop&quot;:&quot;yes&quot;,&quot;video_type&quot;:&quot;youtube&quot;,&quot;controls&quot;:&quot;yes&quot;,&quot;aspect_ratio&quot;:&quot;169&quot;}\" data-widget_type=\"video.default\">\n\t\t\t\t<div class=\"elementor-widget-container\">\n\t\t\t\t\t<div class=\"elementor-wrapper elementor-fit-aspect-ratio elementor-open-inline\">\n\t\t\t<div class=\"elementor-video\"><\/div>\t\t<\/div>\n\t\t\t\t<\/div>\n\t\t\t\t<\/div>\n\t\t\t\t\t<\/div>\n\t\t<\/div>\n\t\t\t\t\t\t\t<\/div>\n\t\t<\/section>\n\t\t\t\t<section class=\"elementor-section elementor-top-section elementor-element elementor-element-2782888 elementor-section-full_width elementor-section-height-default elementor-section-height-default\" data-id=\"2782888\" data-element_type=\"section\" data-settings=\"{&quot;background_background&quot;:&quot;classic&quot;}\">\n\t\t\t\t\t\t<div class=\"elementor-container elementor-column-gap-no\">\n\t\t\t\t\t<div class=\"elementor-column elementor-col-100 elementor-top-column elementor-element elementor-element-f49e7c2\" data-id=\"f49e7c2\" data-element_type=\"column\">\n\t\t\t<div class=\"elementor-widget-wrap elementor-element-populated\">\n\t\t\t\t\t\t\t\t<div class=\"elementor-element elementor-element-84cf1cb carousel-arrow-shape-circle carousel-dots-yes elementor-widget elementor-widget-slideshow-carousel\" data-id=\"84cf1cb\" data-element_type=\"widget\" data-widget_type=\"slideshow-carousel.default\">\n\t\t\t\t<div class=\"elementor-widget-container\">\n\t\t\t<div class=\"gridblock-owlcarousel-wrap clearfix\"><div id=\"4709-69e4b5ec5df85\" class=\"owl-carousel owl-slideshow-element owl-carousel-detect owl-carousel-type-flatcarousel\" data-autoplaytimeout=\"3000\" data-smartspeed=\"1000\" data-id=\"4709-69e4b5ec5df85\" data-autoplay=\"true\" data-lazyload=\"false\" data-type=\"flatcarousel\"><div class=\"gridblock-slideshow-element\"><img decoding=\"async\" src=\"https:\/\/www.boyutoffice.com\/tr\/wp-content\/uploads\/2024\/01\/HomeAltSlide001.jpg\" srcset=\"https:\/\/www.boyutoffice.com\/tr\/wp-content\/uploads\/2024\/01\/HomeAltSlide001.jpg 1400w, https:\/\/www.boyutoffice.com\/tr\/wp-content\/uploads\/2024\/01\/HomeAltSlide001-300x214.jpg 300w, https:\/\/www.boyutoffice.com\/tr\/wp-content\/uploads\/2024\/01\/HomeAltSlide001-1024x731.jpg 1024w, https:\/\/www.boyutoffice.com\/tr\/wp-content\/uploads\/2024\/01\/HomeAltSlide001-768x549.jpg 768w, https:\/\/www.boyutoffice.com\/tr\/wp-content\/uploads\/2024\/01\/HomeAltSlide001-770x550.jpg 770w, https:\/\/www.boyutoffice.com\/tr\/wp-content\/uploads\/2024\/01\/HomeAltSlide001-800x571.jpg 800w\" sizes=\"(max-width: 1400px) 100vw, 1400px\" alt=\"\" class=\"owl-slide-image\"\/><\/div><div class=\"gridblock-slideshow-element\"><img decoding=\"async\" src=\"https:\/\/www.boyutoffice.com\/tr\/wp-content\/uploads\/2024\/01\/HomeAltSlide002.jpg\" srcset=\"https:\/\/www.boyutoffice.com\/tr\/wp-content\/uploads\/2024\/01\/HomeAltSlide002.jpg 1400w, https:\/\/www.boyutoffice.com\/tr\/wp-content\/uploads\/2024\/01\/HomeAltSlide002-300x214.jpg 300w, https:\/\/www.boyutoffice.com\/tr\/wp-content\/uploads\/2024\/01\/HomeAltSlide002-1024x731.jpg 1024w, https:\/\/www.boyutoffice.com\/tr\/wp-content\/uploads\/2024\/01\/HomeAltSlide002-768x549.jpg 768w, https:\/\/www.boyutoffice.com\/tr\/wp-content\/uploads\/2024\/01\/HomeAltSlide002-770x550.jpg 770w, https:\/\/www.boyutoffice.com\/tr\/wp-content\/uploads\/2024\/01\/HomeAltSlide002-800x571.jpg 800w\" sizes=\"(max-width: 1400px) 100vw, 1400px\" alt=\"\" class=\"owl-slide-image\"\/><\/div><div class=\"gridblock-slideshow-element\"><img decoding=\"async\" src=\"https:\/\/www.boyutoffice.com\/tr\/wp-content\/uploads\/2024\/01\/HomeAltSlide003.jpg\" srcset=\"https:\/\/www.boyutoffice.com\/tr\/wp-content\/uploads\/2024\/01\/HomeAltSlide003.jpg 1400w, https:\/\/www.boyutoffice.com\/tr\/wp-content\/uploads\/2024\/01\/HomeAltSlide003-300x214.jpg 300w, https:\/\/www.boyutoffice.com\/tr\/wp-content\/uploads\/2024\/01\/HomeAltSlide003-1024x731.jpg 1024w, https:\/\/www.boyutoffice.com\/tr\/wp-content\/uploads\/2024\/01\/HomeAltSlide003-768x549.jpg 768w, https:\/\/www.boyutoffice.com\/tr\/wp-content\/uploads\/2024\/01\/HomeAltSlide003-770x550.jpg 770w, https:\/\/www.boyutoffice.com\/tr\/wp-content\/uploads\/2024\/01\/HomeAltSlide003-800x571.jpg 800w\" sizes=\"(max-width: 1400px) 100vw, 1400px\" alt=\"\" class=\"owl-slide-image\"\/><\/div><div class=\"gridblock-slideshow-element\"><img decoding=\"async\" src=\"https:\/\/www.boyutoffice.com\/tr\/wp-content\/uploads\/2024\/01\/HomeAltSlide004.jpg\" srcset=\"https:\/\/www.boyutoffice.com\/tr\/wp-content\/uploads\/2024\/01\/HomeAltSlide004.jpg 1400w, https:\/\/www.boyutoffice.com\/tr\/wp-content\/uploads\/2024\/01\/HomeAltSlide004-300x214.jpg 300w, https:\/\/www.boyutoffice.com\/tr\/wp-content\/uploads\/2024\/01\/HomeAltSlide004-1024x731.jpg 1024w, https:\/\/www.boyutoffice.com\/tr\/wp-content\/uploads\/2024\/01\/HomeAltSlide004-768x549.jpg 768w, https:\/\/www.boyutoffice.com\/tr\/wp-content\/uploads\/2024\/01\/HomeAltSlide004-770x550.jpg 770w, https:\/\/www.boyutoffice.com\/tr\/wp-content\/uploads\/2024\/01\/HomeAltSlide004-800x571.jpg 800w\" sizes=\"(max-width: 1400px) 100vw, 1400px\" alt=\"\" class=\"owl-slide-image\"\/><\/div><div class=\"gridblock-slideshow-element\"><img decoding=\"async\" src=\"https:\/\/www.boyutoffice.com\/tr\/wp-content\/uploads\/2024\/01\/HomeAltSlide005.jpg\" srcset=\"https:\/\/www.boyutoffice.com\/tr\/wp-content\/uploads\/2024\/01\/HomeAltSlide005.jpg 1400w, https:\/\/www.boyutoffice.com\/tr\/wp-content\/uploads\/2024\/01\/HomeAltSlide005-300x214.jpg 300w, https:\/\/www.boyutoffice.com\/tr\/wp-content\/uploads\/2024\/01\/HomeAltSlide005-1024x731.jpg 1024w, https:\/\/www.boyutoffice.com\/tr\/wp-content\/uploads\/2024\/01\/HomeAltSlide005-768x549.jpg 768w, https:\/\/www.boyutoffice.com\/tr\/wp-content\/uploads\/2024\/01\/HomeAltSlide005-770x550.jpg 770w, https:\/\/www.boyutoffice.com\/tr\/wp-content\/uploads\/2024\/01\/HomeAltSlide005-800x571.jpg 800w\" sizes=\"(max-width: 1400px) 100vw, 1400px\" alt=\"\" class=\"owl-slide-image\"\/><\/div><div class=\"gridblock-slideshow-element\"><img decoding=\"async\" src=\"https:\/\/www.boyutoffice.com\/tr\/wp-content\/uploads\/2024\/01\/HomeAltSlide006.jpg\" srcset=\"https:\/\/www.boyutoffice.com\/tr\/wp-content\/uploads\/2024\/01\/HomeAltSlide006.jpg 1400w, https:\/\/www.boyutoffice.com\/tr\/wp-content\/uploads\/2024\/01\/HomeAltSlide006-300x214.jpg 300w, https:\/\/www.boyutoffice.com\/tr\/wp-content\/uploads\/2024\/01\/HomeAltSlide006-1024x731.jpg 1024w, https:\/\/www.boyutoffice.com\/tr\/wp-content\/uploads\/2024\/01\/HomeAltSlide006-768x549.jpg 768w, https:\/\/www.boyutoffice.com\/tr\/wp-content\/uploads\/2024\/01\/HomeAltSlide006-770x550.jpg 770w, https:\/\/www.boyutoffice.com\/tr\/wp-content\/uploads\/2024\/01\/HomeAltSlide006-800x571.jpg 800w\" sizes=\"(max-width: 1400px) 100vw, 1400px\" alt=\"\" class=\"owl-slide-image\"\/><\/div><\/div><\/div>\t\t<\/div>\n\t\t\t\t<\/div>\n\t\t\t\t\t<\/div>\n\t\t<\/div>\n\t\t\t\t\t\t\t<\/div>\n\t\t<\/section>\n\t\t\t\t<section class=\"elementor-section elementor-top-section elementor-element elementor-element-3733bed elementor-section-boxed elementor-section-height-default elementor-section-height-default\" data-id=\"3733bed\" data-element_type=\"section\">\n\t\t\t\t\t\t<div class=\"elementor-container elementor-column-gap-default\">\n\t\t\t\t\t<div class=\"elementor-column elementor-col-100 elementor-top-column elementor-element elementor-element-4887f4d\" data-id=\"4887f4d\" data-element_type=\"column\">\n\t\t\t<div class=\"elementor-widget-wrap elementor-element-populated\">\n\t\t\t\t\t\t\t\t<div class=\"elementor-element elementor-element-402cc87 elementor-widget elementor-widget-html\" data-id=\"402cc87\" data-element_type=\"widget\" data-widget_type=\"html.default\">\n\t\t\t\t<div class=\"elementor-widget-container\">\n\t\t\t\n<html>\n<iframe width='%100' height='600' src='https:\/\/www.boyutoffice.com\/360\/' frameborder='0' allow='vr' allowfullscreen='allowfullscreen'><\/iframe>\n<\/html>\t\t<\/div>\n\t\t\t\t<\/div>\n\t\t\t\t\t<\/div>\n\t\t<\/div>\n\t\t\t\t\t\t\t<\/div>\n\t\t<\/section>\n\t\t\t\t<section class=\"elementor-section elementor-top-section elementor-element elementor-element-b0e7a65 elementor-section-boxed elementor-section-height-default elementor-section-height-default\" data-id=\"b0e7a65\" data-element_type=\"section\">\n\t\t\t\t\t\t<div class=\"elementor-container elementor-column-gap-default\">\n\t\t\t\t\t<div class=\"elementor-column elementor-col-100 elementor-top-column elementor-element elementor-element-a698be9\" data-id=\"a698be9\" data-element_type=\"column\">\n\t\t\t<div class=\"elementor-widget-wrap elementor-element-populated\">\n\t\t\t\t\t\t\t\t<div class=\"elementor-element elementor-element-552e348 elementor-widget elementor-widget-html\" data-id=\"552e348\" data-element_type=\"widget\" data-widget_type=\"html.default\">\n\t\t\t\t<div class=\"elementor-widget-container\">\n\t\t\t\n<html>\n<iframe width='%100' height='600' src='https:\/\/360dizayn.com\/sanaltur\/iff2024\/boyut\/' frameborder='0' allow='vr' allowfullscreen='allowfullscreen'><\/iframe>\n<\/html>\t\t<\/div>\n\t\t\t\t<\/div>\n\t\t\t\t\t<\/div>\n\t\t<\/div>\n\t\t\t\t\t\t\t<\/div>\n\t\t<\/section>\n\t\t\t\t<section class=\"elementor-section elementor-top-section elementor-element elementor-element-8a25f81 elementor-section-boxed elementor-section-height-default elementor-section-height-default\" data-id=\"8a25f81\" data-element_type=\"section\" data-settings=\"{&quot;background_background&quot;:&quot;classic&quot;}\">\n\t\t\t\t\t\t\t<div class=\"elementor-background-overlay\"><\/div>\n\t\t\t\t\t\t\t<div class=\"elementor-container elementor-column-gap-default\">\n\t\t\t\t\t<div class=\"elementor-column elementor-col-100 elementor-top-column elementor-element elementor-element-299b5f9\" data-id=\"299b5f9\" data-element_type=\"column\">\n\t\t\t<div class=\"elementor-widget-wrap elementor-element-populated\">\n\t\t\t\t\t\t\t\t<div class=\"elementor-element elementor-element-e6984a2 section-align-center section-size-large subtitle-style-default elementor-widget elementor-widget-section-heading\" data-id=\"e6984a2\" data-element_type=\"widget\" data-widget_type=\"section-heading.default\">\n\t\t\t\t<div class=\"elementor-widget-container\">\n\t\t\t<div class=\"section-heading headingstyle-default\"><h2 class=\"entry-title section-title\">Yarat\u0131c\u0131 Fikirler<\/h2><div class=\"section-description clearfix\"><div class=\"section-description-inner\"><p>Sonsuz mimari \u00e7\u00f6z\u00fcmler i\u00e7in hemen bizle temasa ge\u00e7in!<\/p>\n<\/div><\/div><div class=\"section-button\"><a class=\"button-one-link\"  href=\"https:\/\/www.boyutoffice.com\/tr\/?page_id=2532\"><div class=\"button-one mtheme-button\">\u0130LET\u0130\u015e\u0130M<\/div><\/a><\/div><\/div>\t\t<\/div>\n\t\t\t\t<\/div>\n\t\t\t\t\t<\/div>\n\t\t<\/div>\n\t\t\t\t\t\t\t<\/div>\n\t\t<\/section>\n\t\t\t\t\t\t<\/div>\n\t\t\t\t\t<\/div>\n\t\t","protected":false},"excerpt":{"rendered":"<p>Yeni Koleksiyon Angelo \u0130\u015f d\u00fcnyas\u0131na modern bir dokunu\u015f! Ergonomik tasar\u0131m\u0131, rahatl\u0131k ve \u015f\u0131kl\u0131\u011f\u0131 bir araya getirerek \u00e7al\u0131\u015fma alan\u0131n\u0131z\u0131 zirveye ta\u015f\u0131yor. Zarif \u00e7izgileri ve y\u00fcksek performans malzemeleri, uzun saatler bile konforu garantiliyor. \u0130novatif tasar\u0131m yap\u0131s\u0131yla dikkat \u00e7eken bu koltuk, \u00e7al\u0131\u015fma ortam\u0131n\u0131za \u015f\u0131kl\u0131k ve fonksiyonellik kat\u0131yor. Ofisinizdeki atmosferi ba\u015ftan yarat\u0131n, yeni ofis koltu\u011funuzla konforu ve tarz\u0131 bir araya getirin! DETAYLAR Yarat\u0131c\u0131 Fikirler Sonsuz mimari \u00e7\u00f6z\u00fcmler i\u00e7in hemen bizle temasa ge\u00e7in! \u0130LET\u0130\u015e\u0130M<\/p>\n","protected":false},"author":1,"featured_media":0,"parent":3225,"menu_order":0,"comment_status":"closed","ping_status":"closed","template":"","meta":{"footnotes":""},"class_list":["post-4709","page","type-page","status-publish","hentry"],"_links":{"self":[{"href":"https:\/\/www.boyutoffice.com\/tr\/index.php?rest_route=\/wp\/v2\/pages\/4709","targetHints":{"allow":["GET"]}}],"collection":[{"href":"https:\/\/www.boyutoffice.com\/tr\/index.php?rest_route=\/wp\/v2\/pages"}],"about":[{"href":"https:\/\/www.boyutoffice.com\/tr\/index.php?rest_route=\/wp\/v2\/types\/page"}],"author":[{"embeddable":true,"href":"https:\/\/www.boyutoffice.com\/tr\/index.php?rest_route=\/wp\/v2\/users\/1"}],"replies":[{"embeddable":true,"href":"https:\/\/www.boyutoffice.com\/tr\/index.php?rest_route=%2Fwp%2Fv2%2Fcomments&post=4709"}],"version-history":[{"count":228,"href":"https:\/\/www.boyutoffice.com\/tr\/index.php?rest_route=\/wp\/v2\/pages\/4709\/revisions"}],"predecessor-version":[{"id":10275,"href":"https:\/\/www.boyutoffice.com\/tr\/index.php?rest_route=\/wp\/v2\/pages\/4709\/revisions\/10275"}],"up":[{"embeddable":true,"href":"https:\/\/www.boyutoffice.com\/tr\/index.php?rest_route=\/wp\/v2\/pages\/3225"}],"wp:attachment":[{"href":"https:\/\/www.boyutoffice.com\/tr\/index.php?rest_route=%2Fwp%2Fv2%2Fmedia&parent=4709"}],"curies":[{"name":"wp","href":"https:\/\/api.w.org\/{rel}","templated":true}]}}